{"id":486,"date":"2025-01-04T02:16:44","date_gmt":"2025-01-04T02:16:44","guid":{"rendered":"https:\/\/x-home.mx\/?post_type=product&#038;p=486"},"modified":"2025-01-04T02:29:02","modified_gmt":"2025-01-04T02:29:02","slug":"calefactor-electrico-3-1200w","status":"publish","type":"product","link":"https:\/\/x-home.mx\/?product=calefactor-electrico-3-1200w","title":{"rendered":"Calefactor El\u00e9ctrico 3 1200w"},"content":{"rendered":"<p>Calefactor El\u00e9ctrico 3 1200w 110v Calefacci\u00f3n El\u00e9ctrica.<br \/>\n==Caracter\u00edsticas:<br \/>\nVoltaje: 127V~60Hz<br \/>\nPotencia m\u00e1xima de 1200W.<br \/>\nIncluye funci\u00f3n turbo.<br \/>\n3 niveles de potencia.<br \/>\nCuenta con protecci\u00f3n contra sobrecalentamiento.<br \/>\nCon selector de temperatura.<br \/>\n\u00c1rea de calefacci\u00f3n: 12 m\u00b2.<br \/>\nFabricado en pl\u00e1stico.<\/p>\n<p>==Calentador de espacio port\u00e1til: Adopta un bot\u00f3n que sobresale para facilitar la operaci\u00f3n. Filtro de polvo incorporado para filtrar eficazmente el polvo y las impurezas del aire para ofrecer aire limpio y caliente para usted.<\/p>\n<p>==Seguro y fiable: Hecho de carcasa ign\u00edfuga ABS y material de calefacci\u00f3n de cer\u00e1mica PTC, evitando eficazmente las quemaduras durante el uso. Con protecci\u00f3n contra sobrecalentamiento y sobreprotecci\u00f3n de la punta, el calentador se apagar\u00e1 autom\u00e1ticamente cuando se sobrecaliente o se caiga.<\/p>\n<p>==Calentamiento r\u00e1pido en 5 segundos y temperatura ajustable: Se calienta r\u00e1pidamente en 5 segundos con la tecnolog\u00eda de calentamiento de cer\u00e1mica PTC. Sensor de temperatura incorporado para ajustar con precisi\u00f3n la temperatura ambiente deseada.<\/p>\n<p>==Silencioso &#038; 120\u00b0Oscilaci\u00f3n: El ruido del calentador es inferior a 50dB sin preocuparse de molestar a su trabajo, el estudio y el sue\u00f1o. 120 \u00b0 oscilaci\u00f3n puede ampliar el rango de calentamiento para distribuir la temperatura de manera uniforme.<\/p>\n<p>==Port\u00e1til y compacto: Tama\u00f1o compacto y dise\u00f1o ligero, conveniente para llevar, conveniente para la oficina, dormitorio, sala de estar, cocina y escritorio.<\/p>\n","protected":false},"excerpt":{"rendered":"<p>Incluye funci\u00f3n turbo.<br \/>\n3 niveles de potencia.<br \/>\nCuenta con protecci\u00f3n contra sobrecalentamiento.<br \/>\nCon selector de temperatura.<br \/>\n<a href=\"https:\/\/articulo.mercadolibre.com.mx\/MLM-3518004596-calefactor-electrico-3-1200w-110v-calefaccion-electrica-_JM?searchVariation=186591285615#polycard_client=search-nordic&#038;searchVariation=186591285615&#038;position=11&#038;search_layout=grid&#038;type=item&#038;tracking_id=6eab8523-1cda-4d80-b39f-55fbbc3208bc\" target=\"_blank\" rel=\"noopener\"><img loading=\"lazy\" decoding=\"async\" class=\"alignnone size-medium wp-image-330\" src=\"https:\/\/x-home.mx\/wp-content\/uploads\/2024\/12\/Boton-comprar-en-mercado-libre-300x72.png\" alt=\"\" width=\"300\" height=\"72\" srcset=\"https:\/\/x-home.mx\/wp-content\/uploads\/2024\/12\/Boton-comprar-en-mercado-libre-300x72.png 300w, https:\/\/x-home.mx\/wp-content\/uploads\/2024\/12\/Boton-comprar-en-mercado-libre.png 385w\" sizes=\"auto, (max-width: 300px) 100vw, 300px\" \/><\/a><\/p>\n","protected":false},"featured_media":500,"comment_status":"open","ping_status":"closed","template":"","meta":[],"product_brand":[],"product_cat":[34],"product_tag":[],"class_list":{"0":"post-486","1":"product","2":"type-product","3":"status-publish","4":"has-post-thumbnail","6":"product_cat-calentadores","8":"first","9":"instock","10":"shipping-taxable","11":"product-type-simple"},"_links":{"self":[{"href":"https:\/\/x-home.mx\/index.php?rest_route=\/wp\/v2\/product\/486","targetHints":{"allow":["GET"]}}],"collection":[{"href":"https:\/\/x-home.mx\/index.php?rest_route=\/wp\/v2\/product"}],"about":[{"href":"https:\/\/x-home.mx\/index.php?rest_route=\/wp\/v2\/types\/product"}],"replies":[{"embeddable":true,"href":"https:\/\/x-home.mx\/index.php?rest_route=%2Fwp%2Fv2%2Fcomments&post=486"}],"wp:featuredmedia":[{"embeddable":true,"href":"https:\/\/x-home.mx\/index.php?rest_route=\/wp\/v2\/media\/500"}],"wp:attachment":[{"href":"https:\/\/x-home.mx\/index.php?rest_route=%2Fwp%2Fv2%2Fmedia&parent=486"}],"wp:term":[{"taxonomy":"product_brand","embeddable":true,"href":"https:\/\/x-home.mx\/index.php?rest_route=%2Fwp%2Fv2%2Fproduct_brand&post=486"},{"taxonomy":"product_cat","embeddable":true,"href":"https:\/\/x-home.mx\/index.php?rest_route=%2Fwp%2Fv2%2Fproduct_cat&post=486"},{"taxonomy":"product_tag","embeddable":true,"href":"https:\/\/x-home.mx\/index.php?rest_route=%2Fwp%2Fv2%2Fproduct_tag&post=486"}],"curies":[{"name":"wp","href":"https:\/\/api.w.org\/{rel}","templated":true}]}}