{"id":182,"date":"2024-12-10T03:09:07","date_gmt":"2024-12-10T03:09:07","guid":{"rendered":"https:\/\/x-home.mx\/?post_type=product&#038;p=182"},"modified":"2024-12-20T21:45:52","modified_gmt":"2024-12-20T21:45:52","slug":"parrilla-vidrio-templado-5-quemadores","status":"publish","type":"product","link":"https:\/\/x-home.mx\/?product=parrilla-vidrio-templado-5-quemadores","title":{"rendered":"Parrilla Vidrio Templado 5 Quemadores"},"content":{"rendered":"<p class=\"OXQzmM uvtEMb\" data-hook=\"product-title\"><strong>Parrilla Vidrio Templado 5 Quemadores<\/strong><\/p>\n<p>Con esta parrilla Homex deleita a cualquier persona con las comidas m\u00e1s sabrosas en cualquier ocasi\u00f3n.<\/p>\n<p><strong>Durabilidad garantizada\u00a0<\/strong><\/p>\n<p>En Homex elegimos los mejores materiales para que tu nueva parrilla se conserve y est\u00e9 contigo muchos a\u00f1os. Est\u00e1 fabricada con un recubrimiento de vidrio templado, 5 soportes para quemadores de hierro fundido y perillas met\u00e1licas, que le otorgar\u00e1n durabilidad y resistencia. \u00a1Prep\u00e1rate para tenerla por un largo tiempo!<\/p>\n<p><strong>5 espaciosos quemadores\u00a0<\/strong><\/p>\n<p>Cocina m\u00e1s platillos a la vez con los 5 espaciosos quemadores de nuestras parrillas de gas. Acortar\u00e1n la cocci\u00f3n de tus alimentos para que pases menos tiempo en la cocina y m\u00e1s disfrutando con tu familia.<\/p>\n<p><strong>Elige entre gas LP o natural<\/strong><\/p>\n<p>La versatilidad de tu nueva parrilla permite que la uses en cualquier tipo de instalaci\u00f3n de gas. Para adaptar la parrilla a tus necesidades.<\/p>\n<p><strong>Superf\u00e1cil de limpiar\u00a0<\/strong><\/p>\n<p>Esta parrilla empotrable a gas tiene un recubrimiento de vidrio templado que, adem\u00e1s de darle un acabado contempor\u00e1neo y fresco a tu cocina, permite que los residuos de comida sean muy f\u00e1ciles de limpiar. Deja de preocuparte por la limpieza y enfoca tu energ\u00eda en la preparaci\u00f3n de los alimentos para tus seres queridos.<\/p>\n<p><strong>Se adapta a tu cocina\u00a0<\/strong><\/p>\n<p>Por su dise\u00f1o vanguardista, esta parrilla puede empotrarse y adaptarse a cualquier espacio. Sus colores neutros y su aspecto cromado permiten instalarla en cualquier cocina y hacer que luzca siempre espectacular.<\/p>\n","protected":false},"excerpt":{"rendered":"<p class=\"OXQzmM uvtEMb\" data-hook=\"product-title\"><strong>Parrilla Vidrio Templado 5 Quemadores<\/strong><\/p>\n<p>Con esta parrilla Homex deleita a cualquier persona con las comidas m\u00e1s sabrosas en cualquier ocasi\u00f3n.<\/p>\n<p><a href=\"https:\/\/listado.mercadolibre.com.mx\/_CustId_1063184231?item_id=MLM2199943643&#038;category_id=MLM434394&#038;seller_id=1063184231&#038;client=recoview-selleritems&#038;recos_listing=true#origin=vip&#038;component=sellerData&#038;typeSeller=classic\" target=\"_blank\" rel=\"noopener\"><img loading=\"lazy\" decoding=\"async\" class=\"alignnone size-medium wp-image-330\" src=\"https:\/\/x-home.mx\/wp-content\/uploads\/2024\/12\/Boton-comprar-en-mercado-libre-300x72.png\" alt=\"\" width=\"300\" height=\"72\" srcset=\"https:\/\/x-home.mx\/wp-content\/uploads\/2024\/12\/Boton-comprar-en-mercado-libre-300x72.png 300w, https:\/\/x-home.mx\/wp-content\/uploads\/2024\/12\/Boton-comprar-en-mercado-libre.png 385w\" sizes=\"auto, (max-width: 300px) 100vw, 300px\" \/><\/a><\/p>\n","protected":false},"featured_media":184,"comment_status":"open","ping_status":"closed","template":"","meta":[],"product_brand":[],"product_cat":[22],"product_tag":[23],"class_list":{"0":"post-182","1":"product","2":"type-product","3":"status-publish","4":"has-post-thumbnail","6":"product_cat-parrillas","7":"product_tag-parrillas","9":"first","10":"instock","11":"shipping-taxable","12":"product-type-simple"},"_links":{"self":[{"href":"https:\/\/x-home.mx\/index.php?rest_route=\/wp\/v2\/product\/182","targetHints":{"allow":["GET"]}}],"collection":[{"href":"https:\/\/x-home.mx\/index.php?rest_route=\/wp\/v2\/product"}],"about":[{"href":"https:\/\/x-home.mx\/index.php?rest_route=\/wp\/v2\/types\/product"}],"replies":[{"embeddable":true,"href":"https:\/\/x-home.mx\/index.php?rest_route=%2Fwp%2Fv2%2Fcomments&post=182"}],"wp:featuredmedia":[{"embeddable":true,"href":"https:\/\/x-home.mx\/index.php?rest_route=\/wp\/v2\/media\/184"}],"wp:attachment":[{"href":"https:\/\/x-home.mx\/index.php?rest_route=%2Fwp%2Fv2%2Fmedia&parent=182"}],"wp:term":[{"taxonomy":"product_brand","embeddable":true,"href":"https:\/\/x-home.mx\/index.php?rest_route=%2Fwp%2Fv2%2Fproduct_brand&post=182"},{"taxonomy":"product_cat","embeddable":true,"href":"https:\/\/x-home.mx\/index.php?rest_route=%2Fwp%2Fv2%2Fproduct_cat&post=182"},{"taxonomy":"product_tag","embeddable":true,"href":"https:\/\/x-home.mx\/index.php?rest_route=%2Fwp%2Fv2%2Fproduct_tag&post=182"}],"curies":[{"name":"wp","href":"https:\/\/api.w.org\/{rel}","templated":true}]}}