{"id":128,"date":"2024-12-10T01:39:46","date_gmt":"2024-12-10T01:39:46","guid":{"rendered":"https:\/\/x-home.mx\/?post_type=product&#038;p=128"},"modified":"2024-12-20T21:50:48","modified_gmt":"2024-12-20T21:50:48","slug":"mesa-1-88m","status":"publish","type":"product","link":"https:\/\/x-home.mx\/?product=mesa-1-88m","title":{"rendered":"Mesa 1.80m"},"content":{"rendered":"<p id=\"title\" class=\"a-size-large a-spacing-none\"><span id=\"productTitle\" class=\"a-size-large product-title-word-break\"><strong>Tablon Mesa Plegable Plastico Blanco<\/strong><br \/>\n<strong>Dimensiones del producto<\/strong> 1,80prof. x 75an. x 74alt. centimeteros<br \/>\n<strong>Peso<\/strong> 13 Kilogramos<br \/>\n<strong>Recomendaci\u00f3n de peso m\u00e1ximo<\/strong> 120 Kilogramos<\/span><\/p>\n<ul class=\"a-unordered-list a-vertical a-spacing-mini\">\n<li class=\"a-spacing-mini\"><span class=\"a-list-item\">\ud83e\ude91 Versatilidad Incre\u00edble: Este tabl\u00f3n mesa plegable es ideal para m\u00faltiples usos en cualquier lugar.<\/span><\/li>\n<li class=\"a-spacing-mini\"><span class=\"a-list-item\">\ud83c\udf1f F\u00e1cil de Montar: Se instala en segundos, sin herramientas ni complicaciones.<\/span><\/li>\n<li class=\"a-spacing-mini\"><span class=\"a-list-item\">\ud83d\udcaa Robusto y Duradero: Construido con materiales resistentes para soportar cargas pesadas.<\/span><\/li>\n<li class=\"a-spacing-mini\"><span class=\"a-list-item\">\u2728 Dise\u00f1o Elegante: Su dise\u00f1o moderno y elegante complementa cualquier decoraci\u00f3n.<\/span><\/li>\n<li class=\"a-spacing-mini\"><span class=\"a-list-item\">\ud83d\ude80 Port\u00e1til y Compacto: Se pliega de forma compacta para un almacenamiento y transporte sencillo.<\/span><\/li>\n<\/ul>\n","protected":false},"excerpt":{"rendered":"<p><span id=\"productTitle\" class=\"a-size-large product-title-word-break\">Tablon Mesa Plegable Plastico Blanco<br \/>\n<strong>Dimensiones del producto<\/strong> 1,80prof. x 5an. x 74alt. centimeteros<\/span><br \/>\n<a href=\"https:\/\/articulo.mercadolibre.com.mx\/MLM-2203368331-mesa-plegable-de-plastico-180m-homex-ideal-para-camping-_JM?searchVariation=182498606278#polycard_client=search-nordic&#038;searchVariation=182498606278&#038;position=12&#038;search_layout=grid&#038;type=item&#038;tracking_id=3d1b0e1a-ad85-4a20-a236-289150524e8d\" target=\"_blank\" rel=\"noopener\"><img loading=\"lazy\" decoding=\"async\" class=\"alignnone size-medium wp-image-330\" src=\"https:\/\/x-home.mx\/wp-content\/uploads\/2024\/12\/Boton-comprar-en-mercado-libre-300x72.png\" alt=\"\" width=\"300\" height=\"72\" srcset=\"https:\/\/x-home.mx\/wp-content\/uploads\/2024\/12\/Boton-comprar-en-mercado-libre-300x72.png 300w, https:\/\/x-home.mx\/wp-content\/uploads\/2024\/12\/Boton-comprar-en-mercado-libre.png 385w\" sizes=\"auto, (max-width: 300px) 100vw, 300px\" \/><\/a><\/p>\n","protected":false},"featured_media":129,"comment_status":"open","ping_status":"closed","template":"","meta":[],"product_brand":[],"product_cat":[18],"product_tag":[],"class_list":{"0":"post-128","1":"product","2":"type-product","3":"status-publish","4":"has-post-thumbnail","6":"product_cat-mesas","8":"first","9":"instock","10":"shipping-taxable","11":"product-type-simple"},"_links":{"self":[{"href":"https:\/\/x-home.mx\/index.php?rest_route=\/wp\/v2\/product\/128","targetHints":{"allow":["GET"]}}],"collection":[{"href":"https:\/\/x-home.mx\/index.php?rest_route=\/wp\/v2\/product"}],"about":[{"href":"https:\/\/x-home.mx\/index.php?rest_route=\/wp\/v2\/types\/product"}],"replies":[{"embeddable":true,"href":"https:\/\/x-home.mx\/index.php?rest_route=%2Fwp%2Fv2%2Fcomments&post=128"}],"wp:featuredmedia":[{"embeddable":true,"href":"https:\/\/x-home.mx\/index.php?rest_route=\/wp\/v2\/media\/129"}],"wp:attachment":[{"href":"https:\/\/x-home.mx\/index.php?rest_route=%2Fwp%2Fv2%2Fmedia&parent=128"}],"wp:term":[{"taxonomy":"product_brand","embeddable":true,"href":"https:\/\/x-home.mx\/index.php?rest_route=%2Fwp%2Fv2%2Fproduct_brand&post=128"},{"taxonomy":"product_cat","embeddable":true,"href":"https:\/\/x-home.mx\/index.php?rest_route=%2Fwp%2Fv2%2Fproduct_cat&post=128"},{"taxonomy":"product_tag","embeddable":true,"href":"https:\/\/x-home.mx\/index.php?rest_route=%2Fwp%2Fv2%2Fproduct_tag&post=128"}],"curies":[{"name":"wp","href":"https:\/\/api.w.org\/{rel}","templated":true}]}}