{"id":251,"date":"2024-12-11T18:55:09","date_gmt":"2024-12-11T18:55:09","guid":{"rendered":"https:\/\/x-home.mx\/?page_id=251"},"modified":"2025-01-23T00:38:48","modified_gmt":"2025-01-23T00:38:48","slug":"ser-distribuidor","status":"publish","type":"page","link":"https:\/\/x-home.mx\/?page_id=251","title":{"rendered":"Ser Distribuidor"},"content":{"rendered":"<div id='av-layout-grid-1'  class='av-layout-grid-container av-15c2er-a054f8aa265bfe1033aac24d98c37476 entry-content-wrapper main_color av-flex-cells  avia-builder-el-0  el_before_av_section  avia-builder-el-first   container_wrap sidebar_right'  >\n<div class='flex_cell av-vj7h7-8e5e73e8dc3d8617297f01d6d9a24d34 av-gridrow-cell av_one_full no_margin  avia-builder-el-1  avia-builder-el-no-sibling '  ><div class='flex_cell_inner'>\n<style type=\"text\/css\" data-created_by=\"avia_inline_auto\" id=\"style-css-av-m4k8x2cj-eb0af99acb3d841413fa580fadbfd5d8\">\n.avia-image-container.av-m4k8x2cj-eb0af99acb3d841413fa580fadbfd5d8 img.avia_image{\nbox-shadow:none;\n}\n.avia-image-container.av-m4k8x2cj-eb0af99acb3d841413fa580fadbfd5d8 .av-image-caption-overlay-center{\ncolor:#ffffff;\n}\n<\/style>\n<div  class='avia-image-container av-m4k8x2cj-eb0af99acb3d841413fa580fadbfd5d8 av-styling- avia-align-center  avia-builder-el-2  avia-builder-el-no-sibling '   itemprop=\"image\" itemscope=\"itemscope\" itemtype=\"https:\/\/schema.org\/ImageObject\" ><div class=\"avia-image-container-inner\"><div class=\"avia-image-overlay-wrap\"><img decoding=\"async\" fetchpriority=\"high\" class='wp-image-474 avia-img-lazy-loading-not-474 avia_image ' src=\"https:\/\/x-home.mx\/wp-content\/uploads\/2024\/12\/Quiero-ser-distribuidor-de-productos-x-home-1.jpg\" alt='' title='Quiero-ser-distribuidor-de-productos-x-home'  height=\"650\" width=\"1920\"  itemprop=\"thumbnailUrl\" srcset=\"https:\/\/x-home.mx\/wp-content\/uploads\/2024\/12\/Quiero-ser-distribuidor-de-productos-x-home-1.jpg 1920w, https:\/\/x-home.mx\/wp-content\/uploads\/2024\/12\/Quiero-ser-distribuidor-de-productos-x-home-1-300x102.jpg 300w, https:\/\/x-home.mx\/wp-content\/uploads\/2024\/12\/Quiero-ser-distribuidor-de-productos-x-home-1-1030x349.jpg 1030w, https:\/\/x-home.mx\/wp-content\/uploads\/2024\/12\/Quiero-ser-distribuidor-de-productos-x-home-1-768x260.jpg 768w, https:\/\/x-home.mx\/wp-content\/uploads\/2024\/12\/Quiero-ser-distribuidor-de-productos-x-home-1-1536x520.jpg 1536w, https:\/\/x-home.mx\/wp-content\/uploads\/2024\/12\/Quiero-ser-distribuidor-de-productos-x-home-1-1500x508.jpg 1500w, https:\/\/x-home.mx\/wp-content\/uploads\/2024\/12\/Quiero-ser-distribuidor-de-productos-x-home-1-705x239.jpg 705w, https:\/\/x-home.mx\/wp-content\/uploads\/2024\/12\/Quiero-ser-distribuidor-de-productos-x-home-1-450x152.jpg 450w, https:\/\/x-home.mx\/wp-content\/uploads\/2024\/12\/Quiero-ser-distribuidor-de-productos-x-home-1-600x203.jpg 600w\" sizes=\"(max-width: 1920px) 100vw, 1920px\" \/><\/div><\/div><\/div>\n<\/div><\/div>\n<\/div>\n<div id='av_section_1'  class='avia-section av-qdldn-a4de2cfa15bfb46dcf894b6ff3d0da53 main_color avia-section-default avia-no-border-styling  avia-builder-el-3  el_after_av_layout_row  el_before_av_one_half  avia-bg-style-scroll container_wrap sidebar_right'  ><div class='container av-section-cont-open' ><div class='template-page content  av-content-small alpha units'><div class='post-entry post-entry-type-page post-entry-251'><div class='entry-content-wrapper clearfix'>\n<div  class='flex_column av-nrxgr-5f6e8993ac921633fe9c9a42f1bff617 av_one_full  avia-builder-el-4  avia-builder-el-no-sibling  first flex_column_div  '     ><style type=\"text\/css\" data-created_by=\"avia_inline_auto\" id=\"style-css-av-m4k91bt2-8681860050c1c4f9e42568f572791e09\">\n#top .av_textblock_section.av-m4k91bt2-8681860050c1c4f9e42568f572791e09 .avia_textblock{\nfont-size:30px;\n}\n<\/style>\n<section  class='av_textblock_section av-m4k91bt2-8681860050c1c4f9e42568f572791e09 '   itemscope=\"itemscope\" itemtype=\"https:\/\/schema.org\/CreativeWork\" ><div class='avia_textblock'  itemprop=\"text\" ><p style=\"text-align: center;\"><b>\u00bfTe dedicas a las ventas, tienes ferreter\u00eda o quieres ser distribuidor?<br \/>\n<\/b>\u00a1Cont\u00e1ctanos! La clave para hacer crecer tu negocio est\u00e1 en nuestros productos.<b><br \/>\n<\/b><\/p>\n<\/div><\/section><\/div>\n<\/div><\/div><\/div><!-- close content main div --><\/div><\/div><div id='after_section_1'  class='main_color av_default_container_wrap container_wrap sidebar_right'  ><div class='container av-section-cont-open' ><div class='template-page content  av-content-small alpha units'><div class='post-entry post-entry-type-page post-entry-251'><div class='entry-content-wrapper clearfix'>\n<div  class='flex_column av-dai9v-3de6f1e20b3385f16bbedddbd3996467 av_one_half  avia-builder-el-6  el_after_av_section  el_before_av_one_half  avia-builder-el-first  first flex_column_div  '     ><div  class='avia-slideshow av-m4ljyd5p-355073ac7cb23cd72e18ac72017a4fc1 avia-slideshow-no scaling av_slideshow avia-slide-slider  avia-builder-el-7  avia-builder-el-no-sibling  av-slideshow-ui av-control-default av-slideshow-autoplay av-loop-endless av-loop-manual-endless av-default-height-applied avia-slideshow-1' data-slideshow-options=\"{&quot;animation&quot;:&quot;slide&quot;,&quot;autoplay&quot;:true,&quot;loop_autoplay&quot;:&quot;endless&quot;,&quot;interval&quot;:5,&quot;loop_manual&quot;:&quot;manual-endless&quot;,&quot;autoplay_stopper&quot;:false,&quot;noNavigation&quot;:false,&quot;bg_slider&quot;:false,&quot;keep_padding&quot;:false,&quot;hoverpause&quot;:false,&quot;show_slide_delay&quot;:0}\"  itemprop=\"image\" itemscope=\"itemscope\" itemtype=\"https:\/\/schema.org\/ImageObject\" ><ul class='avia-slideshow-inner ' style='padding-bottom: 56.222222222222%;'><li  class='avia-slideshow-slide av-m4ljyd5p-355073ac7cb23cd72e18ac72017a4fc1__0  slide-1 slide-odd'><div data-rel='slideshow-1' class='avia-slide-wrap '   ><img decoding=\"async\" fetchpriority=\"high\" class=\"wp-image-266 avia-img-lazy-loading-not-266\"  src=\"https:\/\/x-home.mx\/wp-content\/uploads\/2024\/12\/Bodega-x-home-mayoreo-importacion.jpg\" width=\"900\" height=\"506\" title='Bodega-x-home-mayoreo-importacion' alt=''  itemprop=\"thumbnailUrl\" srcset=\"https:\/\/x-home.mx\/wp-content\/uploads\/2024\/12\/Bodega-x-home-mayoreo-importacion.jpg 900w, https:\/\/x-home.mx\/wp-content\/uploads\/2024\/12\/Bodega-x-home-mayoreo-importacion-600x337.jpg 600w, https:\/\/x-home.mx\/wp-content\/uploads\/2024\/12\/Bodega-x-home-mayoreo-importacion-300x169.jpg 300w, https:\/\/x-home.mx\/wp-content\/uploads\/2024\/12\/Bodega-x-home-mayoreo-importacion-768x432.jpg 768w, https:\/\/x-home.mx\/wp-content\/uploads\/2024\/12\/Bodega-x-home-mayoreo-importacion-705x396.jpg 705w, https:\/\/x-home.mx\/wp-content\/uploads\/2024\/12\/Bodega-x-home-mayoreo-importacion-450x253.jpg 450w\" sizes=\"(max-width: 900px) 100vw, 900px\" \/><\/div><\/li><li  class='avia-slideshow-slide av-m4ljyd5p-355073ac7cb23cd72e18ac72017a4fc1__1  slide-2 slide-even'><div data-rel='slideshow-1' class='avia-slide-wrap '   ><img decoding=\"async\" fetchpriority=\"high\" class=\"wp-image-388 avia-img-lazy-loading-not-388\"  src=\"https:\/\/x-home.mx\/wp-content\/uploads\/2024\/12\/x-home-grupo.jpg\" width=\"1600\" height=\"900\" title='x-home-grupo' alt=''  itemprop=\"thumbnailUrl\" srcset=\"https:\/\/x-home.mx\/wp-content\/uploads\/2024\/12\/x-home-grupo.jpg 1600w, https:\/\/x-home.mx\/wp-content\/uploads\/2024\/12\/x-home-grupo-600x338.jpg 600w, https:\/\/x-home.mx\/wp-content\/uploads\/2024\/12\/x-home-grupo-300x169.jpg 300w, https:\/\/x-home.mx\/wp-content\/uploads\/2024\/12\/x-home-grupo-1030x579.jpg 1030w, https:\/\/x-home.mx\/wp-content\/uploads\/2024\/12\/x-home-grupo-768x432.jpg 768w, https:\/\/x-home.mx\/wp-content\/uploads\/2024\/12\/x-home-grupo-1536x864.jpg 1536w, https:\/\/x-home.mx\/wp-content\/uploads\/2024\/12\/x-home-grupo-1500x844.jpg 1500w, https:\/\/x-home.mx\/wp-content\/uploads\/2024\/12\/x-home-grupo-705x397.jpg 705w, https:\/\/x-home.mx\/wp-content\/uploads\/2024\/12\/x-home-grupo-450x253.jpg 450w\" sizes=\"(max-width: 1600px) 100vw, 1600px\" \/><\/div><\/li><li  class='avia-slideshow-slide av-m4ljyd5p-355073ac7cb23cd72e18ac72017a4fc1__2  slide-3 slide-odd'><div data-rel='slideshow-1' class='avia-slide-wrap '   ><img decoding=\"async\" fetchpriority=\"high\" class=\"wp-image-282 avia-img-lazy-loading-not-282\"  src=\"https:\/\/x-home.mx\/wp-content\/uploads\/2024\/12\/Bodega-x-home-mayoreo-importacion2.jpg\" width=\"1600\" height=\"900\" title='Bodega-x-home-mayoreo-importacion2' alt=''  itemprop=\"thumbnailUrl\" srcset=\"https:\/\/x-home.mx\/wp-content\/uploads\/2024\/12\/Bodega-x-home-mayoreo-importacion2.jpg 1600w, https:\/\/x-home.mx\/wp-content\/uploads\/2024\/12\/Bodega-x-home-mayoreo-importacion2-600x338.jpg 600w, https:\/\/x-home.mx\/wp-content\/uploads\/2024\/12\/Bodega-x-home-mayoreo-importacion2-300x169.jpg 300w, https:\/\/x-home.mx\/wp-content\/uploads\/2024\/12\/Bodega-x-home-mayoreo-importacion2-1030x579.jpg 1030w, https:\/\/x-home.mx\/wp-content\/uploads\/2024\/12\/Bodega-x-home-mayoreo-importacion2-768x432.jpg 768w, https:\/\/x-home.mx\/wp-content\/uploads\/2024\/12\/Bodega-x-home-mayoreo-importacion2-1536x864.jpg 1536w, https:\/\/x-home.mx\/wp-content\/uploads\/2024\/12\/Bodega-x-home-mayoreo-importacion2-1500x844.jpg 1500w, https:\/\/x-home.mx\/wp-content\/uploads\/2024\/12\/Bodega-x-home-mayoreo-importacion2-705x397.jpg 705w, https:\/\/x-home.mx\/wp-content\/uploads\/2024\/12\/Bodega-x-home-mayoreo-importacion2-450x253.jpg 450w\" sizes=\"(max-width: 1600px) 100vw, 1600px\" \/><\/div><\/li><li  class='avia-slideshow-slide av-m4ljyd5p-355073ac7cb23cd72e18ac72017a4fc1__3  slide-4 slide-even'><div data-rel='slideshow-1' class='avia-slide-wrap '   ><img decoding=\"async\" fetchpriority=\"high\" class=\"wp-image-389 avia-img-lazy-loading-not-389\"  src=\"https:\/\/x-home.mx\/wp-content\/uploads\/2024\/12\/bodega-x-home-mx.jpg\" width=\"1600\" height=\"900\" title='bodega-x-home-mx' alt=''  itemprop=\"thumbnailUrl\" srcset=\"https:\/\/x-home.mx\/wp-content\/uploads\/2024\/12\/bodega-x-home-mx.jpg 1600w, https:\/\/x-home.mx\/wp-content\/uploads\/2024\/12\/bodega-x-home-mx-600x338.jpg 600w, https:\/\/x-home.mx\/wp-content\/uploads\/2024\/12\/bodega-x-home-mx-300x169.jpg 300w, https:\/\/x-home.mx\/wp-content\/uploads\/2024\/12\/bodega-x-home-mx-1030x579.jpg 1030w, https:\/\/x-home.mx\/wp-content\/uploads\/2024\/12\/bodega-x-home-mx-768x432.jpg 768w, https:\/\/x-home.mx\/wp-content\/uploads\/2024\/12\/bodega-x-home-mx-1536x864.jpg 1536w, https:\/\/x-home.mx\/wp-content\/uploads\/2024\/12\/bodega-x-home-mx-1500x844.jpg 1500w, https:\/\/x-home.mx\/wp-content\/uploads\/2024\/12\/bodega-x-home-mx-705x397.jpg 705w, https:\/\/x-home.mx\/wp-content\/uploads\/2024\/12\/bodega-x-home-mx-450x253.jpg 450w\" sizes=\"(max-width: 1600px) 100vw, 1600px\" \/><\/div><\/li><\/ul><div class='avia-slideshow-arrows avia-slideshow-controls' ><a href='#prev' class='prev-slide ' aria-hidden='true' data-av_icon='\ue87c' data-av_iconfont='entypo-fontello'  tabindex='-1'>Previous<\/a><a href='#next' class='next-slide ' aria-hidden='true' data-av_icon='\ue87d' data-av_iconfont='entypo-fontello'  tabindex='-1'>Next<\/a><\/div><div class='avia-slideshow-dots avia-slideshow-controls'><a href='#1' class='goto-slide active' >1<\/a><a href='#2' class='goto-slide ' >2<\/a><a href='#3' class='goto-slide ' >3<\/a><a href='#4' class='goto-slide ' >4<\/a><\/div><\/div><\/div>\n<div  class='flex_column av-9od37-98b99ac6f555f647280a7b94d80c17dd av_one_half  avia-builder-el-8  el_after_av_one_half  el_before_av_layout_row  avia-builder-el-last  flex_column_div  '     ><p>\n<style type=\"text\/css\" data-created_by=\"avia_inline_auto\" id=\"style-css-av-m4k95co5-aa6951693fecda5902d14ef3d9843a67\">\n#top .av_textblock_section.av-m4k95co5-aa6951693fecda5902d14ef3d9843a67 .avia_textblock{\nfont-size:22px;\n}\n<\/style>\n<section  class='av_textblock_section av-m4k95co5-aa6951693fecda5902d14ef3d9843a67 '   itemscope=\"itemscope\" itemtype=\"https:\/\/schema.org\/CreativeWork\" ><div class='avia_textblock'  itemprop=\"text\" ><p><b>Env\u00edanos un mensaje para m\u00e1s informaci\u00f3n, <\/b>nosotros te asesoramos en todo el proceso.<br \/>\n<strong>Tel. con Whats App:<\/strong> 81 17 494172 \u00a0<strong>Email:<\/strong>ventas@x-home.mx<\/p>\n<\/div><\/section><br \/>\n\n<style type=\"text\/css\" data-created_by=\"avia_inline_auto\" id=\"style-css-av-m4k92adw-e399ba7c41b35a7ad5ff75a1b1bef4a7\">\n.avia-image-container.av-m4k92adw-e399ba7c41b35a7ad5ff75a1b1bef4a7 img.avia_image{\nbox-shadow:none;\n}\n.avia-image-container.av-m4k92adw-e399ba7c41b35a7ad5ff75a1b1bef4a7 .av-image-caption-overlay-center{\ncolor:#ffffff;\n}\n<\/style>\n<div  class='avia-image-container av-m4k92adw-e399ba7c41b35a7ad5ff75a1b1bef4a7 av-styling- av-img-linked avia-align-left  avia-builder-el-10  el_after_av_textblock  el_before_av_hr '   itemprop=\"image\" itemscope=\"itemscope\" itemtype=\"https:\/\/schema.org\/ImageObject\" ><div class=\"avia-image-container-inner\"><div class=\"avia-image-overlay-wrap\"><a href=\"https:\/\/wa.me\/528117494172\" class='avia_image '  target=\"_blank\"  rel=\"noopener noreferrer\" aria-label='Whats app'><img decoding=\"async\" fetchpriority=\"high\" class='wp-image-118 avia-img-lazy-loading-not-118 avia_image ' src=\"https:\/\/x-home.mx\/wp-content\/uploads\/2024\/12\/Whats-app-1.png\" alt='' title='Whats app'  height=\"113\" width=\"300\"  itemprop=\"thumbnailUrl\"  \/><\/a><\/div><\/div><\/div><br \/>\n<div  class='hr av-720hf-5bfce95e3cf0aea8fdae3457d048a952 hr-default  avia-builder-el-11  el_after_av_image  el_before_av_textblock '><span class='hr-inner '><span class=\"hr-inner-style\"><\/span><\/span><\/div><br \/>\n\n<style type=\"text\/css\" data-created_by=\"avia_inline_auto\" id=\"style-css-av-m4lnyyhq-d0fb86045f02c834fb58772ff304e5b6\">\n#top .av_textblock_section.av-m4lnyyhq-d0fb86045f02c834fb58772ff304e5b6 .avia_textblock{\nfont-size:25px;\n}\n<\/style>\n<section  class='av_textblock_section av-m4lnyyhq-d0fb86045f02c834fb58772ff304e5b6 '   itemscope=\"itemscope\" itemtype=\"https:\/\/schema.org\/CreativeWork\" ><div class='avia_textblock'  itemprop=\"text\" ><p><strong>No es necesario gr\u00e1n capital para comenzar.<\/strong><b><br \/>\n<\/b><\/p>\n<\/div><\/section><\/p><\/div>\n<\/div><\/div><\/div><!-- close content main div --><\/div><\/div><div id='av-layout-grid-2'  class='av-layout-grid-container av-aubw3-4c5adb5cd2d62da72b5c6f49c4222020 entry-content-wrapper main_color av-flex-cells  avia-builder-el-13  el_after_av_one_half  el_before_av_layout_row  grid-row-not-first  container_wrap sidebar_right'  >\n\n<style type=\"text\/css\" data-created_by=\"avia_inline_auto\" id=\"style-css-av-m4lohy67-3736c013fe863922008a1d7ee4e0c2bc\">\n.flex_cell.av-m4lohy67-3736c013fe863922008a1d7ee4e0c2bc{\nvertical-align:top;\nbackground-color:#1b3453;\n}\n<\/style>\n<div class='flex_cell av-m4lohy67-3736c013fe863922008a1d7ee4e0c2bc av-gridrow-cell av_one_full no_margin  avia-builder-el-14  avia-builder-el-no-sibling '  ><div class='flex_cell_inner'>\n<style type=\"text\/css\" data-created_by=\"avia_inline_auto\" id=\"style-css-av-m4logsra-d9cb653727a4acbe84bcd5b6b85c3bb8\">\n.avia-image-container.av-m4logsra-d9cb653727a4acbe84bcd5b6b85c3bb8 img.avia_image{\nbox-shadow:none;\n}\n.avia-image-container.av-m4logsra-d9cb653727a4acbe84bcd5b6b85c3bb8 .av-image-caption-overlay-center{\ncolor:#ffffff;\n}\n<\/style>\n<div  class='avia-image-container av-m4logsra-d9cb653727a4acbe84bcd5b6b85c3bb8 av-styling- avia-align-center  avia-builder-el-15  avia-builder-el-no-sibling '   itemprop=\"image\" itemscope=\"itemscope\" itemtype=\"https:\/\/schema.org\/ImageObject\" ><div class=\"avia-image-container-inner\"><div class=\"avia-image-overlay-wrap\"><img decoding=\"async\" fetchpriority=\"high\" class='wp-image-409 avia-img-lazy-loading-not-409 avia_image ' src=\"https:\/\/x-home.mx\/wp-content\/uploads\/2024\/12\/PROCESO-PARA-SER-DISTRIBUIDOR.png\" alt='' title='PROCESO-PARA-SER-DISTRIBUIDOR'  height=\"372\" width=\"1930\"  itemprop=\"thumbnailUrl\" srcset=\"https:\/\/x-home.mx\/wp-content\/uploads\/2024\/12\/PROCESO-PARA-SER-DISTRIBUIDOR.png 1930w, https:\/\/x-home.mx\/wp-content\/uploads\/2024\/12\/PROCESO-PARA-SER-DISTRIBUIDOR-600x116.png 600w, https:\/\/x-home.mx\/wp-content\/uploads\/2024\/12\/PROCESO-PARA-SER-DISTRIBUIDOR-300x58.png 300w, https:\/\/x-home.mx\/wp-content\/uploads\/2024\/12\/PROCESO-PARA-SER-DISTRIBUIDOR-1030x199.png 1030w, https:\/\/x-home.mx\/wp-content\/uploads\/2024\/12\/PROCESO-PARA-SER-DISTRIBUIDOR-768x148.png 768w, https:\/\/x-home.mx\/wp-content\/uploads\/2024\/12\/PROCESO-PARA-SER-DISTRIBUIDOR-1536x296.png 1536w, https:\/\/x-home.mx\/wp-content\/uploads\/2024\/12\/PROCESO-PARA-SER-DISTRIBUIDOR-1500x289.png 1500w, https:\/\/x-home.mx\/wp-content\/uploads\/2024\/12\/PROCESO-PARA-SER-DISTRIBUIDOR-705x136.png 705w, https:\/\/x-home.mx\/wp-content\/uploads\/2024\/12\/PROCESO-PARA-SER-DISTRIBUIDOR-450x87.png 450w\" sizes=\"(max-width: 1930px) 100vw, 1930px\" \/><\/div><\/div><\/div>\n<\/div><\/div>\n<\/div>\n<div id='av-layout-grid-3'  class='av-layout-grid-container av-av_layout_row-575c31e8c6cc3da0551a44f6e7e59d11 entry-content-wrapper main_color av-flex-cells  avia-builder-el-16  el_after_av_layout_row  el_before_av_image  grid-row-not-first  container_wrap sidebar_right'  >\n<div class='flex_cell av-av_cell_one_full-f73a11ccd29996a2a11249d534554c23 av-gridrow-cell av_one_full no_margin  avia-builder-el-17  avia-builder-el-no-sibling '  ><div class='flex_cell_inner'>\n<style type=\"text\/css\" data-created_by=\"avia_inline_auto\" id=\"style-css-av-m68ls73t-ad42850d0eb7e25133a4d1742d99a59c\">\n.avia-image-container.av-m68ls73t-ad42850d0eb7e25133a4d1742d99a59c img.avia_image{\nbox-shadow:none;\n}\n.avia-image-container.av-m68ls73t-ad42850d0eb7e25133a4d1742d99a59c .av-image-caption-overlay-center{\ncolor:#ffffff;\n}\n<\/style>\n<div  class='avia-image-container av-m68ls73t-ad42850d0eb7e25133a4d1742d99a59c av-styling- avia-align-center  avia-builder-el-18  avia-builder-el-no-sibling '   itemprop=\"image\" itemscope=\"itemscope\" itemtype=\"https:\/\/schema.org\/ImageObject\" ><div class=\"avia-image-container-inner\"><div class=\"avia-image-overlay-wrap\"><img decoding=\"async\" fetchpriority=\"high\" class='wp-image-508 avia-img-lazy-loading-not-508 avia_image ' src=\"https:\/\/x-home.mx\/wp-content\/uploads\/2025\/01\/03b_banner-x-home.jpg\" alt='' title='03b_banner-x-home'  height=\"643\" width=\"1930\"  itemprop=\"thumbnailUrl\" srcset=\"https:\/\/x-home.mx\/wp-content\/uploads\/2025\/01\/03b_banner-x-home.jpg 1930w, https:\/\/x-home.mx\/wp-content\/uploads\/2025\/01\/03b_banner-x-home-300x100.jpg 300w, https:\/\/x-home.mx\/wp-content\/uploads\/2025\/01\/03b_banner-x-home-1030x343.jpg 1030w, https:\/\/x-home.mx\/wp-content\/uploads\/2025\/01\/03b_banner-x-home-768x256.jpg 768w, https:\/\/x-home.mx\/wp-content\/uploads\/2025\/01\/03b_banner-x-home-1536x512.jpg 1536w, https:\/\/x-home.mx\/wp-content\/uploads\/2025\/01\/03b_banner-x-home-1500x500.jpg 1500w, https:\/\/x-home.mx\/wp-content\/uploads\/2025\/01\/03b_banner-x-home-705x235.jpg 705w, https:\/\/x-home.mx\/wp-content\/uploads\/2025\/01\/03b_banner-x-home-450x150.jpg 450w, https:\/\/x-home.mx\/wp-content\/uploads\/2025\/01\/03b_banner-x-home-600x200.jpg 600w\" sizes=\"(max-width: 1930px) 100vw, 1930px\" \/><\/div><\/div><\/div>\n<\/div><\/div><\/div><div id='after_grid_row_3'  class='main_color av_default_container_wrap container_wrap sidebar_right'  ><div class='container av-section-cont-open' ><div class='template-page content  av-content-small alpha units'><div class='post-entry post-entry-type-page post-entry-251'><div class='entry-content-wrapper clearfix'>\n<style type=\"text\/css\" data-created_by=\"avia_inline_auto\" id=\"style-css-av-m4lojbn2-dad91d2906f3b56fd7db00713df759fb\">\n.avia-image-container.av-m4lojbn2-dad91d2906f3b56fd7db00713df759fb img.avia_image{\nbox-shadow:none;\n}\n.avia-image-container.av-m4lojbn2-dad91d2906f3b56fd7db00713df759fb .av-image-caption-overlay-center{\ncolor:#ffffff;\n}\n<\/style>\n<div  class='avia-image-container av-m4lojbn2-dad91d2906f3b56fd7db00713df759fb av-styling- av-img-linked avia-align-center  avia-builder-el-19  el_after_av_layout_row  avia-builder-el-no-sibling '   itemprop=\"image\" itemscope=\"itemscope\" itemtype=\"https:\/\/schema.org\/ImageObject\" ><div class=\"avia-image-container-inner\"><div class=\"avia-image-overlay-wrap\"><a href=\"https:\/\/wa.me\/528117494172\" class='avia_image '  target=\"_blank\"  rel=\"noopener noreferrer\" aria-label='Whats app'><img decoding=\"async\" fetchpriority=\"high\" class='wp-image-118 avia-img-lazy-loading-not-118 avia_image ' src=\"https:\/\/x-home.mx\/wp-content\/uploads\/2024\/12\/Whats-app-1.png\" alt='' title='Whats app'  height=\"113\" width=\"300\"  itemprop=\"thumbnailUrl\"  \/><\/a><\/div><\/div><\/div><\/p>\n","protected":false},"excerpt":{"rendered":"","protected":false},"author":1,"featured_media":0,"parent":0,"menu_order":0,"comment_status":"closed","ping_status":"closed","template":"","meta":{"footnotes":""},"class_list":["post-251","page","type-page","status-publish","hentry"],"_links":{"self":[{"href":"https:\/\/x-home.mx\/index.php?rest_route=\/wp\/v2\/pages\/251","targetHints":{"allow":["GET"]}}],"collection":[{"href":"https:\/\/x-home.mx\/index.php?rest_route=\/wp\/v2\/pages"}],"about":[{"href":"https:\/\/x-home.mx\/index.php?rest_route=\/wp\/v2\/types\/page"}],"author":[{"embeddable":true,"href":"https:\/\/x-home.mx\/index.php?rest_route=\/wp\/v2\/users\/1"}],"replies":[{"embeddable":true,"href":"https:\/\/x-home.mx\/index.php?rest_route=%2Fwp%2Fv2%2Fcomments&post=251"}],"version-history":[{"count":19,"href":"https:\/\/x-home.mx\/index.php?rest_route=\/wp\/v2\/pages\/251\/revisions"}],"predecessor-version":[{"id":509,"href":"https:\/\/x-home.mx\/index.php?rest_route=\/wp\/v2\/pages\/251\/revisions\/509"}],"wp:attachment":[{"href":"https:\/\/x-home.mx\/index.php?rest_route=%2Fwp%2Fv2%2Fmedia&parent=251"}],"curies":[{"name":"wp","href":"https:\/\/api.w.org\/{rel}","templated":true}]}}