{"id":220,"date":"2024-12-11T02:58:50","date_gmt":"2024-12-11T02:58:50","guid":{"rendered":"https:\/\/x-home.mx\/?page_id=220"},"modified":"2024-12-12T17:20:27","modified_gmt":"2024-12-12T17:20:27","slug":"preguntas-frecuentes","status":"publish","type":"page","link":"https:\/\/x-home.mx\/?page_id=220","title":{"rendered":"Preguntas frecuentes"},"content":{"rendered":"\n<style type=\"text\/css\" data-created_by=\"avia_inline_auto\" id=\"style-css-av-m4jawvx1-8a3b9c64161776f8988da485bed48b86\">\n.avia-section.av-m4jawvx1-8a3b9c64161776f8988da485bed48b86{\nbackground-repeat:no-repeat;\nbackground-image:url(https:\/\/x-home.mx\/wp-content\/uploads\/2024\/12\/preguntas-frecuentes.jpg);\nbackground-position:50% 50%;\nbackground-attachment:fixed;\n}\n<\/style>\n<div id='av_section_1'  class='avia-section av-m4jawvx1-8a3b9c64161776f8988da485bed48b86 main_color avia-section-default avia-no-border-styling  avia-builder-el-0  el_before_av_toggle_container  avia-builder-el-first  avia-bg-style-fixed av-minimum-height av-minimum-height-50 av-height-50  container_wrap sidebar_right'  data-section-bg-repeat='no-repeat' data-av_minimum_height_pc='50' data-av_min_height_opt='50'><div class='container av-section-cont-open' ><main  role=\"main\" itemprop=\"mainContentOfPage\"  class='template-page content  av-content-small alpha units'><div class='post-entry post-entry-type-page post-entry-220'><div class='entry-content-wrapper clearfix'>\n\n<style type=\"text\/css\" data-created_by=\"avia_inline_auto\" id=\"style-css-av-m4jaymsu-bb829e04bd1e47087fbdbcf063364fe6\">\n#top .av_textblock_section.av-m4jaymsu-bb829e04bd1e47087fbdbcf063364fe6 .avia_textblock{\nfont-size:40px;\ncolor:#ffffff;\n}\n<\/style>\n<section  class='av_textblock_section av-m4jaymsu-bb829e04bd1e47087fbdbcf063364fe6 '   itemscope=\"itemscope\" itemtype=\"https:\/\/schema.org\/CreativeWork\" ><div class='avia_textblock av_inherit_color'  itemprop=\"text\" ><p style=\"text-align: center;\">PREGUNTAS FRECUENTES<\/p>\n<\/div><\/section>\n<\/div><\/div><\/main><!-- close content main element --><\/div><\/div><div id='after_section_1'  class='main_color av_default_container_wrap container_wrap sidebar_right'  ><div class='container av-section-cont-open' ><div class='template-page content  av-content-small alpha units'><div class='post-entry post-entry-type-page post-entry-220'><div class='entry-content-wrapper clearfix'>\n\n<style type=\"text\/css\" data-created_by=\"avia_inline_auto\" id=\"style-css-av-m4jb6wfn-38c62b4bc2773ffa81dc56c8ccc5c149\">\n#top .togglecontainer.av-m4jb6wfn-38c62b4bc2773ffa81dc56c8ccc5c149 p.toggler{\nfont-size:20px;\ncolor:#0a0a0a;\n}\n#top .togglecontainer.av-m4jb6wfn-38c62b4bc2773ffa81dc56c8ccc5c149 p.toggler.activeTitle{\ncolor:#0a0a0a;\nborder-color:#0a0a0a;\n}\n#top .togglecontainer.av-m4jb6wfn-38c62b4bc2773ffa81dc56c8ccc5c149 p.toggler .toggle_icon{\ncolor:#0070e8;\nborder-color:#0070e8;\n}\n#top .togglecontainer.av-m4jb6wfn-38c62b4bc2773ffa81dc56c8ccc5c149 p.toggler .toggle_icon > span{\ncolor:#0070e8;\nborder-color:#0070e8;\n}\n#top .togglecontainer.av-m4jb6wfn-38c62b4bc2773ffa81dc56c8ccc5c149 p.toggler.activeTitle .toggle_icon, #top .togglecontainer.av-m4jb6wfn-38c62b4bc2773ffa81dc56c8ccc5c149 p.toggler.activeTitle .toggle_icon > span{\ncolor:#0f0f0f;\nborder-color:#0f0f0f;\n}\n#top .togglecontainer.av-m4jb6wfn-38c62b4bc2773ffa81dc56c8ccc5c149 .toggle_wrap .toggle_content{\ncolor:#0a0a0a;\n}\n<\/style>\n<div  class='togglecontainer av-m4jb6wfn-38c62b4bc2773ffa81dc56c8ccc5c149  avia-builder-el-2  el_after_av_section  avia-builder-el-no-sibling  toggle_close_all' >\n<section class='av_toggle_section av-m4jb19uj-dff36c2372783517981496793f304cf4'  itemscope=\"itemscope\" itemtype=\"https:\/\/schema.org\/CreativeWork\" ><div role=\"tablist\" class=\"single_toggle\" data-tags=\"{All} \"  ><p id='toggle-toggle-id-1' data-fake-id='#toggle-id-1' class='toggler  av-title-above '  itemprop=\"headline\"  role='tab' tabindex='0' aria-controls='toggle-id-1' data-slide-speed=\"200\" data-title=\"\u00bfD\u00f3nde puedo comprar sus productos?\" data-title-open=\"\" data-aria_collapsed=\"Click to expand: \u00bfD\u00f3nde puedo comprar sus productos?\" data-aria_expanded=\"Click to collapse: \u00bfD\u00f3nde puedo comprar sus productos?\">\u00bfD\u00f3nde puedo comprar sus productos?<span class=\"toggle_icon\"><span class=\"vert_icon\"><\/span><span class=\"hor_icon\"><\/span><\/span><\/p><div id='toggle-id-1' aria-labelledby='toggle-toggle-id-1' role='region' class='toggle_wrap  av-title-above'  ><div class='toggle_content invers-color '  itemprop=\"text\" ><p>Las compras en linea se hacen por medio de MERCADO LIBRE en este LINK: <a href=\"https:\/\/corporativoimprozolsadecvco.mercadoshops.com.mx\/\" target=\"_blank\" rel=\"noopener\">COMPRAR MERCADO LIBRE<\/a><br \/>\nTambi\u00e9n puedes coprar directo en nuestra bodega en San Luis Potos\u00ed si as\u00ed lo deseas, cont\u00e1ctanos v\u00eda <a href=\"https:\/\/wa.me\/528117494172\" target=\"_blank\" rel=\"noopener\">Whats App<\/a><\/p>\n<\/div><\/div><\/div><\/section>\n<section class='av_toggle_section av-m4jb19uj-2-d23beaa4ca8615687102e7a0e3cbc18c'  itemscope=\"itemscope\" itemtype=\"https:\/\/schema.org\/CreativeWork\" ><div role=\"tablist\" class=\"single_toggle\" data-tags=\"{All} \"  ><p id='toggle-toggle-id-2' data-fake-id='#toggle-id-2' class='toggler  av-title-above '  itemprop=\"headline\"  role='tab' tabindex='0' aria-controls='toggle-id-2' data-slide-speed=\"200\" data-title=\"\u00bfEn cuanto tiempo llega mi pedido?\" data-title-open=\"\" data-aria_collapsed=\"Click to expand: \u00bfEn cuanto tiempo llega mi pedido?\" data-aria_expanded=\"Click to collapse: \u00bfEn cuanto tiempo llega mi pedido?\">\u00bfEn cuanto tiempo llega mi pedido?<span class=\"toggle_icon\"><span class=\"vert_icon\"><\/span><span class=\"hor_icon\"><\/span><\/span><\/p><div id='toggle-id-2' aria-labelledby='toggle-toggle-id-2' role='region' class='toggle_wrap  av-title-above'  ><div class='toggle_content invers-color '  itemprop=\"text\" ><p>El tiempo de entrega var\u00eda de 1 a 5 d\u00edas h\u00e1biles dependiendo de tu zona, pero si ocupas algun producto de manera r\u00e1pida puedes enviarnos un Whats App en este <a href=\"https:\/\/wa.me\/528117494172\">LINK<\/a> para checar en cu\u00e1nto tiempo te podr\u00eda llegar.<\/p>\n<\/div><\/div><\/div><\/section>\n<section class='av_toggle_section av-m4jb19uj-1-f8e356daa9f623f67b2976e9e19a1e15'  itemscope=\"itemscope\" itemtype=\"https:\/\/schema.org\/CreativeWork\" ><div role=\"tablist\" class=\"single_toggle\" data-tags=\"{All} \"  ><p id='toggle-toggle-id-3' data-fake-id='#toggle-id-3' class='toggler  av-title-above '  itemprop=\"headline\"  role='tab' tabindex='0' aria-controls='toggle-id-3' data-slide-speed=\"200\" data-title=\"\u00bfEl precio de los productos en el sitio web es el mismo precio de Mayoreo?\" data-title-open=\"\" data-aria_collapsed=\"Click to expand: \u00bfEl precio de los productos en el sitio web es el mismo precio de Mayoreo?\" data-aria_expanded=\"Click to collapse: \u00bfEl precio de los productos en el sitio web es el mismo precio de Mayoreo?\">\u00bfEl precio de los productos en el sitio web es el mismo precio de Mayoreo?<span class=\"toggle_icon\"><span class=\"vert_icon\"><\/span><span class=\"hor_icon\"><\/span><\/span><\/p><div id='toggle-id-3' aria-labelledby='toggle-toggle-id-3' role='region' class='toggle_wrap  av-title-above'  ><div class='toggle_content invers-color '  itemprop=\"text\" ><p>No, el precio de mayoreo es a\u00fan m\u00e1s bajo, para m\u00e1s detalles puedes enviarnos un mensaje v\u00eda <a href=\"https:\/\/wa.me\/528117494172\" target=\"_blank\" rel=\"noopener\">Whats App<\/a><\/p>\n<\/div><\/div><\/div><\/section>\n<section class='av_toggle_section av-m4jb19uj-1-1e22a3bf74400a018a16e531ce6083e5'  itemscope=\"itemscope\" itemtype=\"https:\/\/schema.org\/CreativeWork\" ><div role=\"tablist\" class=\"single_toggle\" data-tags=\"{All} \"  ><p id='toggle-toggle-id-4' data-fake-id='#toggle-id-4' class='toggler  av-title-above '  itemprop=\"headline\"  role='tab' tabindex='0' aria-controls='toggle-id-4' data-slide-speed=\"200\" data-title=\"\u00bfLos productos tienen garant\u00eda?\" data-title-open=\"\" data-aria_collapsed=\"Click to expand: \u00bfLos productos tienen garant\u00eda?\" data-aria_expanded=\"Click to collapse: \u00bfLos productos tienen garant\u00eda?\">\u00bfLos productos tienen garant\u00eda?<span class=\"toggle_icon\"><span class=\"vert_icon\"><\/span><span class=\"hor_icon\"><\/span><\/span><\/p><div id='toggle-id-4' aria-labelledby='toggle-toggle-id-4' role='region' class='toggle_wrap  av-title-above'  ><div class='toggle_content invers-color '  itemprop=\"text\" ><p>Si, todos nuestros productos cuentan con garant\u00eda directa con nosotros, puedes est\u00e1r tranquilo de hacer tu compra<\/p>\n<\/div><\/div><\/div><\/section>\n<section class='av_toggle_section av-m4jb19uj-1-5a550d156f83f0b30fedaca068db726f'  itemscope=\"itemscope\" itemtype=\"https:\/\/schema.org\/CreativeWork\" ><div role=\"tablist\" class=\"single_toggle\" data-tags=\"{All} \"  ><p id='toggle-toggle-id-5' data-fake-id='#toggle-id-5' class='toggler  av-title-above '  itemprop=\"headline\"  role='tab' tabindex='0' aria-controls='toggle-id-5' data-slide-speed=\"200\" data-title=\"\u00bfDe qu\u00e9 marca son los productos?\" data-title-open=\"\" data-aria_collapsed=\"Click to expand: \u00bfDe qu\u00e9 marca son los productos?\" data-aria_expanded=\"Click to collapse: \u00bfDe qu\u00e9 marca son los productos?\">\u00bfDe qu\u00e9 marca son los productos?<span class=\"toggle_icon\"><span class=\"vert_icon\"><\/span><span class=\"hor_icon\"><\/span><\/span><\/p><div id='toggle-id-5' aria-labelledby='toggle-toggle-id-5' role='region' class='toggle_wrap  av-title-above'  ><div class='toggle_content invers-color '  itemprop=\"text\" ><p>Cada producto var\u00eda en su marca, pero te damos la seguridad de que vendemos solo <strong>productos de alta calidad<\/strong><\/p>\n<\/div><\/div><\/div><\/section>\n<\/div>\n","protected":false},"excerpt":{"rendered":"","protected":false},"author":1,"featured_media":0,"parent":0,"menu_order":0,"comment_status":"closed","ping_status":"closed","template":"","meta":{"footnotes":""},"class_list":["post-220","page","type-page","status-publish","hentry"],"_links":{"self":[{"href":"https:\/\/x-home.mx\/index.php?rest_route=\/wp\/v2\/pages\/220","targetHints":{"allow":["GET"]}}],"collection":[{"href":"https:\/\/x-home.mx\/index.php?rest_route=\/wp\/v2\/pages"}],"about":[{"href":"https:\/\/x-home.mx\/index.php?rest_route=\/wp\/v2\/types\/page"}],"author":[{"embeddable":true,"href":"https:\/\/x-home.mx\/index.php?rest_route=\/wp\/v2\/users\/1"}],"replies":[{"embeddable":true,"href":"https:\/\/x-home.mx\/index.php?rest_route=%2Fwp%2Fv2%2Fcomments&post=220"}],"version-history":[{"count":11,"href":"https:\/\/x-home.mx\/index.php?rest_route=\/wp\/v2\/pages\/220\/revisions"}],"predecessor-version":[{"id":400,"href":"https:\/\/x-home.mx\/index.php?rest_route=\/wp\/v2\/pages\/220\/revisions\/400"}],"wp:attachment":[{"href":"https:\/\/x-home.mx\/index.php?rest_route=%2Fwp%2Fv2%2Fmedia&parent=220"}],"curies":[{"name":"wp","href":"https:\/\/api.w.org\/{rel}","templated":true}]}}